{"id":326,"date":"2017-02-07T15:58:52","date_gmt":"2017-02-07T14:58:52","guid":{"rendered":"http:\/\/www.antonellamargan.de\/neu\/?page_id=326"},"modified":"2017-03-16T16:50:23","modified_gmt":"2017-03-16T15:50:23","slug":"impressum","status":"publish","type":"page","link":"https:\/\/www.antonellamargan.de\/neu\/impressum\/","title":{"rendered":"Impressum"},"content":{"rendered":"<p>[av_slideshow_full size=&#8217;featured_large&#8216; min_height=&#8217;0px&#8216; stretch=&#8220; animation=&#8217;slide&#8216; autoplay=&#8217;true&#8216; interval=&#8217;2&#8242; control_layout=&#8217;av-control-default&#8216; src=&#8220; attachment=&#8220; attachment_size=&#8220; position=&#8217;top left&#8216; repeat=&#8217;no-repeat&#8216; attach=&#8217;scroll&#8216;]<br \/>\n[av_slide_full slide_type=&#8217;image&#8216; id=&#8217;602&#8242; video=&#8217;http:\/\/&#8216; mobile_image=&#8220; video_format=&#8220; video_ratio=&#8217;16:9&#8242; title=&#8220; custom_title_size=&#8220; custom_content_size=&#8220; caption_pos=&#8217;caption_bottom&#8216; link_apply=&#8220; link=&#8217;lightbox&#8216; link_target=&#8220; button_label=&#8217;Click me&#8216; button_color=&#8217;light&#8216; link1=&#8217;manually,http:\/\/&#8216; link_target1=&#8220; button_label2=&#8217;Click me&#8216; button_color2=&#8217;light&#8216; link2=&#8217;manually,http:\/\/&#8216; link_target2=&#8220; font_color=&#8220; custom_title=&#8220; custom_content=&#8220; overlay_opacity=&#8217;0.5&#8242; overlay_color=&#8220; overlay_pattern=&#8220; overlay_custom_pattern=&#8220;][\/av_slide_full]<br \/>\n[av_slide_full id=&#8217;426&#8242; slide_type=&#8220; video=&#8217;http:\/\/&#8216; mobile_image=&#8220; video_format=&#8220; video_ratio=&#8217;16:9&#8242; video_controls=&#8220; video_mute=&#8220; video_loop=&#8220; video_autoplay=&#8220; title=&#8220; custom_title_size=&#8220; custom_content_size=&#8220; caption_pos=&#8217;caption_bottom&#8216; link_apply=&#8220; link=&#8220; link_target=&#8220; button_label=&#8217;Click me&#8216; button_color=&#8217;light&#8216; link1=&#8220; link_target1=&#8220; button_label2=&#8217;Click me&#8216; button_color2=&#8217;light&#8216; link2=&#8220; link_target2=&#8220; font_color=&#8220; custom_title=&#8220; custom_content=&#8220; overlay_enable=&#8220; overlay_opacity=&#8217;0.5&#8242; overlay_color=&#8220; overlay_pattern=&#8220; overlay_custom_pattern=&#8220;][\/av_slide_full]<br \/>\n[av_slide_full id=&#8217;392&#8242; slide_type=&#8220; video=&#8217;http:\/\/&#8216; mobile_image=&#8220; video_format=&#8220; video_ratio=&#8217;16:9&#8242; video_controls=&#8220; video_mute=&#8220; video_loop=&#8220; video_autoplay=&#8220; title=&#8220; custom_title_size=&#8220; custom_content_size=&#8220; caption_pos=&#8217;caption_bottom&#8216; link_apply=&#8220; link=&#8220; link_target=&#8220; button_label=&#8217;Click me&#8216; button_color=&#8217;light&#8216; link1=&#8220; link_target1=&#8220; button_label2=&#8217;Click me&#8216; button_color2=&#8217;light&#8216; link2=&#8220; link_target2=&#8220; font_color=&#8220; custom_title=&#8220; custom_content=&#8220; overlay_enable=&#8220; overlay_opacity=&#8217;0.5&#8242; overlay_color=&#8220; overlay_pattern=&#8220; overlay_custom_pattern=&#8220;][\/av_slide_full]<br \/>\n[av_slide_full id=&#8217;389&#8242; slide_type=&#8220; video=&#8217;http:\/\/&#8216; mobile_image=&#8220; video_format=&#8220; video_ratio=&#8217;16:9&#8242; video_controls=&#8220; video_mute=&#8220; video_loop=&#8220; video_autoplay=&#8220; title=&#8220; custom_title_size=&#8220; custom_content_size=&#8220; caption_pos=&#8217;caption_bottom&#8216; link_apply=&#8220; link=&#8220; link_target=&#8220; button_label=&#8217;Click me&#8216; button_color=&#8217;light&#8216; link1=&#8220; link_target1=&#8220; button_label2=&#8217;Click me&#8216; button_color2=&#8217;light&#8216; link2=&#8220; link_target2=&#8220; font_color=&#8220; custom_title=&#8220; custom_content=&#8220; overlay_enable=&#8220; overlay_opacity=&#8217;0.5&#8242; overlay_color=&#8220; overlay_pattern=&#8220; overlay_custom_pattern=&#8220;][\/av_slide_full]<br \/>\n[av_slide_full id=&#8217;385&#8242; slide_type=&#8220; video=&#8217;http:\/\/&#8216; mobile_image=&#8220; video_format=&#8220; video_ratio=&#8217;16:9&#8242; video_controls=&#8220; video_mute=&#8220; video_loop=&#8220; video_autoplay=&#8220; title=&#8220; custom_title_size=&#8220; custom_content_size=&#8220; caption_pos=&#8217;caption_bottom&#8216; link_apply=&#8220; link=&#8220; link_target=&#8220; button_label=&#8217;Click me&#8216; button_color=&#8217;light&#8216; link1=&#8220; link_target1=&#8220; button_label2=&#8217;Click me&#8216; button_color2=&#8217;light&#8216; link2=&#8220; link_target2=&#8220; font_color=&#8220; custom_title=&#8220; custom_content=&#8220; overlay_enable=&#8220; overlay_opacity=&#8217;0.5&#8242; overlay_color=&#8220; overlay_pattern=&#8220; overlay_custom_pattern=&#8220;][\/av_slide_full]<br \/>\n[av_slide_full id=&#8217;381&#8242; slide_type=&#8220; video=&#8217;http:\/\/&#8216; mobile_image=&#8220; video_format=&#8220; video_ratio=&#8217;16:9&#8242; video_controls=&#8220; video_mute=&#8220; video_loop=&#8220; video_autoplay=&#8220; title=&#8220; custom_title_size=&#8220; custom_content_size=&#8220; caption_pos=&#8217;caption_bottom&#8216; link_apply=&#8220; link=&#8220; link_target=&#8220; button_label=&#8217;Click me&#8216; button_color=&#8217;light&#8216; link1=&#8220; link_target1=&#8220; button_label2=&#8217;Click me&#8216; button_color2=&#8217;light&#8216; link2=&#8220; link_target2=&#8220; font_color=&#8220; custom_title=&#8220; custom_content=&#8220; overlay_enable=&#8220; overlay_opacity=&#8217;0.5&#8242; overlay_color=&#8220; overlay_pattern=&#8220; overlay_custom_pattern=&#8220;][\/av_slide_full]<br \/>\n[av_slide_full id=&#8217;376&#8242; slide_type=&#8220; video=&#8217;http:\/\/&#8216; mobile_image=&#8220; video_format=&#8220; video_ratio=&#8217;16:9&#8242; video_controls=&#8220; video_mute=&#8220; video_loop=&#8220; video_autoplay=&#8220; title=&#8220; custom_title_size=&#8220; custom_content_size=&#8220; caption_pos=&#8217;caption_bottom&#8216; link_apply=&#8220; link=&#8220; link_target=&#8220; button_label=&#8217;Click me&#8216; button_color=&#8217;light&#8216; link1=&#8220; link_target1=&#8220; button_label2=&#8217;Click me&#8216; button_color2=&#8217;light&#8216; link2=&#8220; link_target2=&#8220; font_color=&#8220; custom_title=&#8220; custom_content=&#8220; overlay_enable=&#8220; overlay_opacity=&#8217;0.5&#8242; overlay_color=&#8220; overlay_pattern=&#8220; overlay_custom_pattern=&#8220;][\/av_slide_full]<br \/>\n[av_slide_full id=&#8217;371&#8242; slide_type=&#8220; video=&#8217;http:\/\/&#8216; mobile_image=&#8220; video_format=&#8220; video_ratio=&#8217;16:9&#8242; video_controls=&#8220; video_mute=&#8220; video_loop=&#8220; video_autoplay=&#8220; title=&#8220; custom_title_size=&#8220; custom_content_size=&#8220; caption_pos=&#8217;caption_bottom&#8216; link_apply=&#8220; link=&#8220; link_target=&#8220; button_label=&#8217;Click me&#8216; button_color=&#8217;light&#8216; link1=&#8220; link_target1=&#8220; button_label2=&#8217;Click me&#8216; button_color2=&#8217;light&#8216; link2=&#8220; link_target2=&#8220; font_color=&#8220; custom_title=&#8220; custom_content=&#8220; overlay_enable=&#8220; overlay_opacity=&#8217;0.5&#8242; overlay_color=&#8220; overlay_pattern=&#8220; overlay_custom_pattern=&#8220;][\/av_slide_full]<br \/>\n[av_slide_full id=&#8217;511&#8242; slide_type=&#8220; video=&#8217;http:\/\/&#8216; mobile_image=&#8220; video_format=&#8220; video_ratio=&#8217;16:9&#8242; video_controls=&#8220; video_mute=&#8220; video_loop=&#8220; video_autoplay=&#8220; title=&#8220; custom_title_size=&#8220; custom_content_size=&#8220; caption_pos=&#8217;caption_bottom&#8216; link_apply=&#8220; link=&#8220; link_target=&#8220; button_label=&#8217;Click me&#8216; button_color=&#8217;light&#8216; link1=&#8220; link_target1=&#8220; button_label2=&#8217;Click me&#8216; button_color2=&#8217;light&#8216; link2=&#8220; link_target2=&#8220; font_color=&#8220; custom_title=&#8220; custom_content=&#8220; overlay_enable=&#8220; overlay_opacity=&#8217;0.5&#8242; overlay_color=&#8220; overlay_pattern=&#8220; overlay_custom_pattern=&#8220;][\/av_slide_full]<br \/>\n[\/av_slideshow_full]<\/p>\n<p>[av_one_half first min_height=&#8220; vertical_alignment=&#8220; space=&#8220; custom_margin=&#8220; margin=&#8217;0px&#8216; padding=&#8217;0px&#8216; border=&#8220; border_color=&#8220; radius=&#8217;0px&#8216; background_color=&#8220; src=&#8220; background_position=&#8217;top left&#8216; background_repeat=&#8217;no-repeat&#8216; animation=&#8220; mobile_display=&#8220;]<br \/>\n[av_textblock size=&#8220; font_color=&#8220; color=&#8220;]<\/p>\n<h2>Impressum<\/h2>\n<h2>Angaben gem\u00e4\u00df \u00a7 5 TMG:<\/h2>\n<p>Antonella Margan<br \/>\nAntonella Margan &#8211; luxury beauty<br \/>\nMaisacherstr. 120<br \/>\n82256 F\u00fcrstenfeldbruck<\/p>\n<h2>Kontakt:<\/h2>\n<table>\n<tbody>\n<tr>\n<td>Telefon:<\/td>\n<td>0 81 41 &#8211; 622 771<\/td>\n<\/tr>\n<tr>\n<td>E-Mail:<\/td>\n<td>beauty@antonellamargan.de<\/td>\n<\/tr>\n<\/tbody>\n<\/table>\n<h2>Umsatzsteuer-ID:<\/h2>\n<p>Umsatzsteuer-Identifikationsnummer gem\u00e4\u00df \u00a727 a Umsatzsteuergesetz:<br \/>\nDE217521340<\/p>\n<p>Quelle: <em><a href=\"https:\/\/www.e-recht24.de\/\">eRecht24<\/a><\/em><br \/>\n[\/av_textblock]<br \/>\n[\/av_one_half]<\/p>\n<p>[av_one_half min_height=&#8220; vertical_alignment=&#8220; space=&#8220; custom_margin=&#8220; margin=&#8217;0px&#8216; padding=&#8217;0px&#8216; border=&#8220; border_color=&#8220; radius=&#8217;0px&#8216; background_color=&#8220; src=&#8220; background_position=&#8217;top left&#8216; background_repeat=&#8217;no-repeat&#8216; animation=&#8220; mobile_display=&#8220;]<br \/>\n[av_textblock size=&#8220; font_color=&#8220; color=&#8220;]<\/p>\n<h2>Bildnachweis<\/h2>\n<h2>Fotolia:<\/h2>\n<p><span class=\"trunc-string\"><a href=\"https:\/\/de.fotolia.com\/id\/107941210\">107941210<\/a> &#8211;\u00a0<span title=\"Beautiful sensual woman with long red hairs.\">Beautiful sensual woman with long red hairs.<\/span><\/span><br \/>\n<a class=\"ftl-tooltip-title\" title=\"Sehen Sie weitere Bilder von diesem Anbieter\" href=\"https:\/\/de.fotolia.com\/p\/267742\">\u00a9 Valua Vitaly<\/a><\/p>\n<p><span class=\"trunc-string\"><a href=\"https:\/\/de.fotolia.com\/id\/101945492\">101945492<\/a> &#8211;\u00a0<span title=\"Beautiful fashion woman model face portrait with red lipstick and red nails\">Beautiful fashion woman model face portrait with red lipstick and red nails<\/span><\/span><br \/>\n<a class=\"ftl-tooltip-title\" title=\"Sehen Sie weitere Bilder von diesem Anbieter\" href=\"https:\/\/de.fotolia.com\/p\/201503218\">\u00a9 Subbotina Anna<\/a><\/p>\n<p><span class=\"trunc-string\"><a href=\"https:\/\/de.fotolia.com\/id\/104105148\">104105148<\/a> &#8211;\u00a0<span title=\"Closeup portrait of adult businessman wearing trendy suit against the empty wall. Horizontal\">Closeup portrait of adult businessman wearing trendy suit against the empty wall. Horizontal<\/span><\/span><br \/>\n<a class=\"ftl-tooltip-title\" title=\"Sehen Sie weitere Bilder von diesem Anbieter\" href=\"https:\/\/de.fotolia.com\/p\/203673351\">\u00a9 kantver<\/a><\/p>\n<p><span class=\"trunc-string\"><a href=\"https:\/\/de.fotolia.com\/id\/118123803\">118123803<\/a> &#8211;\u00a0<span title=\"Portrait of sexy man in black suit\">Portrait of sexy man in black suit<\/span><\/span><br \/>\n<a class=\"ftl-tooltip-title\" title=\"Sehen Sie weitere Bilder von diesem Anbieter\" href=\"https:\/\/de.fotolia.com\/p\/203705741\">\u00a9 kiuikson<\/a><\/p>\n<p><span class=\"trunc-string\"><a href=\"https:\/\/de.fotolia.com\/id\/105508550\">105508550<\/a> &#8211;\u00a0<span title=\"Girl at party\">Girl at party<\/span><\/span><br \/>\n<a class=\"ftl-tooltip-title\" title=\"Sehen Sie weitere Bilder von diesem Anbieter\" href=\"https:\/\/de.fotolia.com\/p\/280047\">\u00a9 pressmaster<\/a><\/p>\n<p><span class=\"trunc-string\"><a href=\"https:\/\/de.fotolia.com\/id\/38125182\">38125182<\/a> &#8211;\u00a0<span title=\"Conture_MakeUp_19\">Conture_MakeUp_19<\/span><\/span><br \/>\n<a class=\"ftl-tooltip-title\" title=\"Sehen Sie weitere Bilder von diesem Anbieter\" href=\"https:\/\/de.fotolia.com\/p\/201568553\">\u00a9 chrisart<\/a><\/p>\n<p><span class=\"trunc-string\"><a href=\"https:\/\/de.fotolia.com\/id\/80584096\">80584096<\/a> &#8211;\u00a0<span title=\"Permanent make-up (Tattoo)\">Permanent make-up (Tattoo)<\/span><\/span><br \/>\n<a class=\"ftl-tooltip-title\" title=\"Sehen Sie weitere Bilder von diesem Anbieter\" href=\"https:\/\/de.fotolia.com\/p\/201426183\">\u00a9 \u041c\u0438\u043a\u043e\u043b\u0430 \u041a\u043e\u0432\u0430\u043b\u044c\u0447\u0438\u043d\u0441\u044c\u043a\u0438<\/a><\/p>\n<p><span class=\"trunc-string\"><a href=\"https:\/\/de.fotolia.com\/id\/130852007\">130852007<\/a> &#8211;\u00a0<span title=\"Long Woman Legs With Beautiful Smooth Skin. Closeup Of Female Hand Touching Perfect Hairless Soft And Silky Skin With White Feather. Hair Removal And Epilation, Beauty Body Care Concepts\">Long Woman Legs With Beautiful Smooth Skin. Closeup Of Female Hand Touching Perfect Hairless Soft And Silky Skin With White Feather. Hair Removal And Epilation, Beauty Body Care Concepts<\/span><\/span><br \/>\n<a class=\"ftl-tooltip-title\" title=\"Sehen Sie weitere Bilder von diesem Anbieter\" href=\"https:\/\/de.fotolia.com\/p\/202064431\">\u00a9 Maksymiv Iurii<\/a><\/p>\n<p><span class=\"trunc-string\"><a href=\"https:\/\/de.fotolia.com\/id\/105389295\">105389295<\/a> &#8211;\u00a0<span title=\"female feet at spa salon on pedicure and manicure procedure\">female feet at spa salon on pedicure and manicure procedure<\/span><\/span><br \/>\n<a class=\"ftl-tooltip-title\" title=\"Sehen Sie weitere Bilder von diesem Anbieter\" href=\"https:\/\/de.fotolia.com\/p\/267742\">\u00a9 Valua Vitaly<\/a><\/p>\n<p><span class=\"trunc-string\"><a href=\"https:\/\/de.fotolia.com\/id\/67785269\">67785269<\/a> &#8211;\u00a0<span title=\"Female eye with long eyelashes close-up\">Female eye with long eyelashes close-up<\/span><\/span><br \/>\n<a class=\"ftl-tooltip-title\" title=\"Sehen Sie weitere Bilder von diesem Anbieter\" href=\"https:\/\/de.fotolia.com\/p\/201034107\">\u00a9 Vladimir Voronin<\/a><\/p>\n<p><span class=\"trunc-string\"><a href=\"https:\/\/de.fotolia.com\/id\/103877011\">103877011<\/a> &#8211;\u00a0<span title=\"Cheerful young woman with beautiful make-up\">Cheerful young woman with beautiful make-up<\/span><\/span><br \/>\n<a class=\"ftl-tooltip-title\" title=\"Sehen Sie weitere Bilder von diesem Anbieter\" href=\"https:\/\/de.fotolia.com\/p\/205191830\">\u00a9 YakobchukOlena<\/a><\/p>\n<p><span class=\"trunc-string\"><a href=\"https:\/\/de.fotolia.com\/id\/112516639\">112516639<\/a> &#8211;\u00a0<span title=\"Slim tanned woman Perfect Body . Slim toned young body of the girl . An example for sports and fitness or plastic surgery and aesthetic cosmetology. \">Slim tanned woman Perfect Body . Slim toned young body of the girl . An example for sports and fitness or plastic surgery and aesthetic cosmetology. <\/span><\/span><br \/>\n<a class=\"ftl-tooltip-title\" title=\"Sehen Sie weitere Bilder von diesem Anbieter\" href=\"https:\/\/de.fotolia.com\/p\/202686557\">\u00a9 Sofia Zhuravetc<\/a><\/p>\n<p><span class=\"trunc-string\"><a href=\"https:\/\/de.fotolia.com\/id\/105729705\">105729705<\/a> &#8211;\u00a0<span title=\"Sugaring beauty treatment\">Sugaring beauty treatment<\/span><\/span><br \/>\n<a class=\"ftl-tooltip-title\" title=\"Sehen Sie weitere Bilder von diesem Anbieter\" href=\"https:\/\/de.fotolia.com\/p\/200773604\">\u00a9 Tinatin<\/a><br \/>\n[\/av_textblock]<br \/>\n[\/av_one_half]<\/p>\n<p>[av_one_full first min_height=&#8220; vertical_alignment=&#8220; space=&#8220; custom_margin=&#8220; margin=&#8217;0px&#8216; padding=&#8217;0px&#8216; border=&#8220; border_color=&#8220; radius=&#8217;0px&#8216; background_color=&#8220; src=&#8220; background_position=&#8217;top left&#8216; background_repeat=&#8217;no-repeat&#8216; animation=&#8220; mobile_display=&#8220;]<br \/>\n[av_textblock size=&#8220; font_color=&#8220; color=&#8220;]<\/p>\n<h2>Haftungsausschluss (Disclaimer)<\/h2>\n<h2>Haftung f\u00fcr Inhalte<\/h2>\n<p>Als Diensteanbieter sind wir gem\u00e4\u00df \u00a7 7 Abs.1 TMG f\u00fcr eigene Inhalte auf diesen Seiten nach den allgemeinen Gesetzen verantwortlich. Nach \u00a7\u00a7 8 bis 10 TMG sind wir als Diensteanbieter jedoch nicht verpflichtet, \u00fcbermittelte oder gespeicherte fremde Informationen zu \u00fcberwachen oder nach Umst\u00e4nden zu forschen, die auf eine rechtswidrige T\u00e4tigkeit hinweisen.<\/p>\n<p>Verpflichtungen zur Entfernung oder Sperrung der Nutzung von Informationen nach den allgemeinen Gesetzen bleiben hiervon unber\u00fchrt. Eine diesbez\u00fcgliche Haftung ist jedoch erst ab dem Zeitpunkt der Kenntnis einer konkreten Rechtsverletzung m\u00f6glich. Bei Bekanntwerden von entsprechenden Rechtsverletzungen werden wir diese Inhalte umgehend entfernen.<\/p>\n<h2>Haftung f\u00fcr Links<\/h2>\n<p>Unser Angebot enth\u00e4lt Links zu externen Webseiten Dritter, auf deren Inhalte wir keinen Einfluss haben. Deshalb k\u00f6nnen wir f\u00fcr diese fremden Inhalte auch keine Gew\u00e4hr \u00fcbernehmen. F\u00fcr die Inhalte der verlinkten Seiten ist stets der jeweilige Anbieter oder Betreiber der Seiten verantwortlich. Die verlinkten Seiten wurden zum Zeitpunkt der Verlinkung auf m\u00f6gliche Rechtsverst\u00f6\u00dfe \u00fcberpr\u00fcft. Rechtswidrige Inhalte waren zum Zeitpunkt der Verlinkung nicht erkennbar.<\/p>\n<p>Eine permanente inhaltliche Kontrolle der verlinkten Seiten ist jedoch ohne konkrete Anhaltspunkte einer Rechtsverletzung nicht zumutbar. Bei Bekanntwerden von Rechtsverletzungen werden wir derartige Links umgehend entfernen.<\/p>\n<h2>Urheberrecht<\/h2>\n<p>Die durch die Seitenbetreiber erstellten Inhalte und Werke auf diesen Seiten unterliegen dem deutschen Urheberrecht. Die Vervielf\u00e4ltigung, Bearbeitung, Verbreitung und jede Art der Verwertung au\u00dferhalb der Grenzen des Urheberrechtes bed\u00fcrfen der schriftlichen Zustimmung des jeweiligen Autors bzw. Erstellers. Downloads und Kopien dieser Seite sind nur f\u00fcr den privaten, nicht kommerziellen Gebrauch gestattet.<\/p>\n<p>Soweit die Inhalte auf dieser Seite nicht vom Betreiber erstellt wurden, werden die Urheberrechte Dritter beachtet. Insbesondere werden Inhalte Dritter als solche gekennzeichnet. Sollten Sie trotzdem auf eine Urheberrechtsverletzung aufmerksam werden, bitten wir um einen entsprechenden Hinweis. Bei Bekanntwerden von Rechtsverletzungen werden wir derartige Inhalte umgehend entfernen.<br \/>\n[\/av_textblock]<br \/>\n[\/av_one_full]<\/p>\n","protected":false},"excerpt":{"rendered":"<p>[av_slideshow_full size=&#8217;featured_large&#8216; min_height=&#8217;0px&#8216; stretch=&#8220; animation=&#8217;slide&#8216; autoplay=&#8217;true&#8216; interval=&#8217;2&#8242; control_layout=&#8217;av-control-default&#8216; src=&#8220; attachment=&#8220; attachment_size=&#8220; position=&#8217;top left&#8216; repeat=&#8217;no-repeat&#8216; attach=&#8217;scroll&#8216;] [av_slide_full slide_type=&#8217;image&#8216; id=&#8217;602&#8242; video=&#8217;http:\/\/&#8216; mobile_image=&#8220; video_format=&#8220; video_ratio=&#8217;16:9&#8242; title=&#8220; custom_title_size=&#8220; custom_content_size=&#8220; caption_pos=&#8217;caption_bottom&#8216; link_apply=&#8220; link=&#8217;lightbox&#8216; link_target=&#8220; button_label=&#8217;Click me&#8216; button_color=&#8217;light&#8216; link1=&#8217;manually,http:\/\/&#8216; link_target1=&#8220; button_label2=&#8217;Click me&#8216; button_color2=&#8217;light&#8216; link2=&#8217;manually,http:\/\/&#8216; link_target2=&#8220; font_color=&#8220; custom_title=&#8220; custom_content=&#8220; overlay_opacity=&#8217;0.5&#8242; overlay_color=&#8220; overlay_pattern=&#8220; overlay_custom_pattern=&#8220;][\/av_slide_full] [av_slide_full id=&#8217;426&#8242; slide_type=&#8220; video=&#8217;http:\/\/&#8216; mobile_image=&#8220; video_format=&#8220; video_ratio=&#8217;16:9&#8242; video_controls=&#8220; video_mute=&#8220; [&hellip;]<\/p>\n","protected":false},"author":1,"featured_media":0,"parent":0,"menu_order":0,"comment_status":"closed","ping_status":"closed","template":"","meta":{"footnotes":""},"_links":{"self":[{"href":"https:\/\/www.antonellamargan.de\/neu\/wp-json\/wp\/v2\/pages\/326"}],"collection":[{"href":"https:\/\/www.antonellamargan.de\/neu\/wp-json\/wp\/v2\/pages"}],"about":[{"href":"https:\/\/www.antonellamargan.de\/neu\/wp-json\/wp\/v2\/types\/page"}],"author":[{"embeddable":true,"href":"https:\/\/www.antonellamargan.de\/neu\/wp-json\/wp\/v2\/users\/1"}],"replies":[{"embeddable":true,"href":"https:\/\/www.antonellamargan.de\/neu\/wp-json\/wp\/v2\/comments?post=326"}],"version-history":[{"count":9,"href":"https:\/\/www.antonellamargan.de\/neu\/wp-json\/wp\/v2\/pages\/326\/revisions"}],"predecessor-version":[{"id":521,"href":"https:\/\/www.antonellamargan.de\/neu\/wp-json\/wp\/v2\/pages\/326\/revisions\/521"}],"wp:attachment":[{"href":"https:\/\/www.antonellamargan.de\/neu\/wp-json\/wp\/v2\/media?parent=326"}],"curies":[{"name":"wp","href":"https:\/\/api.w.org\/{rel}","templated":true}]}}