{"id":911,"date":"2019-11-29T11:10:22","date_gmt":"2019-11-29T10:10:22","guid":{"rendered":"http:\/\/www.antonellamargan.de\/neu\/?page_id=911"},"modified":"2021-03-23T10:27:44","modified_gmt":"2021-03-23T09:27:44","slug":"gutschein","status":"publish","type":"page","link":"https:\/\/www.antonellamargan.de\/neu\/gutschein\/","title":{"rendered":"Gutschein"},"content":{"rendered":"<p>[av_slideshow_full size=&#8217;featured_large&#8216; min_height=&#8217;0px&#8216; stretch=&#8220; control_layout=&#8217;av-control-minimal&#8216; src=&#8220; attachment=&#8220; attachment_size=&#8220; position=&#8217;top left&#8216; repeat=&#8217;no-repeat&#8216; attach=&#8217;scroll&#8216; conditional_play=&#8220; animation=&#8217;fade&#8216; transition_speed=&#8220; autoplay=&#8217;true&#8216; interval=&#8217;3&#8242; lazy_loading=&#8217;disabled&#8216; id=&#8220; custom_class=&#8220; template_class=&#8220; av_uid=&#8217;av-1r8d07&#8242; sc_version=&#8217;1.0&#8242;]<br \/>\n[av_slide_full id=&#8217;1166&#8242; av_uid=&#8217;av-9icrz&#8216;][\/av_slide_full]<br \/>\n[\/av_slideshow_full]<\/p>\n<p>[av_section min_height=&#8220; min_height_px=&#8217;500px&#8216; padding=&#8217;large&#8216; shadow=&#8217;no-border-styling&#8216; bottom_border=&#8217;no-border-styling&#8216; id=&#8220; color=&#8217;main_color&#8216; custom_bg=&#8220; src=&#8220; attachment=&#8220; attachment_size=&#8220; attach=&#8217;scroll&#8216; position=&#8217;top left&#8216; repeat=&#8217;no-repeat&#8216; video=&#8220; video_ratio=&#8217;16:9&#8242; overlay_opacity=&#8217;0.5&#8242; overlay_color=&#8220; overlay_pattern=&#8220; overlay_custom_pattern=&#8220; av_uid=&#8217;av-1cyuw7&#8242;]<\/p>\n<p>[av_one_full first min_height=&#8220; vertical_alignment=&#8217;av-align-top&#8216; space=&#8220; margin=&#8217;0px&#8216; margin_sync=&#8217;true&#8216; padding=&#8217;0px&#8216; padding_sync=&#8217;true&#8216; border=&#8220; border_color=&#8220; radius=&#8217;0px&#8216; radius_sync=&#8217;true&#8216; background_color=&#8220; src=&#8220; attachment=&#8220; attachment_size=&#8220; background_position=&#8217;top left&#8216; background_repeat=&#8217;no-repeat&#8216; animation=&#8217;bottom-to-top&#8216; av_uid=&#8217;av-183m93&#8242;]<\/p>\n<p>[av_heading tag=&#8217;h1&#8242; padding=&#8217;20&#8216; heading=&#8217;Schenken Sie Sch\u00f6nheit f\u00fcr K\u00f6rper und Seele&#8216; color=&#8217;custom-color-heading&#8216; style=&#8217;blockquote modern-quote modern-centered&#8216; custom_font=&#8217;#000000&#8242; size=&#8217;40&#8216; subheading_active=&#8220; subheading_size=&#8217;15&#8216; custom_class=&#8220; av_uid=&#8217;av-14kimv&#8216;][\/av_heading]<\/p>\n<p>[av_hr class=&#8217;invisible&#8216; height=&#8217;50&#8216; shadow=&#8217;no-shadow&#8216; position=&#8217;center&#8216; custom_border=&#8217;av-border-thin&#8216; custom_width=&#8217;50px&#8216; custom_border_color=&#8220; custom_margin_top=&#8217;30px&#8216; custom_margin_bottom=&#8217;30px&#8216; icon_select=&#8217;yes&#8216; custom_icon_color=&#8220; icon=&#8217;ue808&#8242; font=&#8217;entypo-fontello&#8216; av_uid=&#8217;av-vxlqf&#8216;]<\/p>\n<p>[\/av_one_full][av_contact title=&#8220; button=&#8217;Senden&#8216; on_send=&#8220; sent=&#8217;Ihre Nachricht wurde versendet!&#8216; link=&#8217;manually,http:\/\/&#8216; captcha=&#8220; captcha_theme=&#8217;light&#8216; captcha_size=&#8217;normal&#8216; captcha_score=&#8217;0.5&#8242; email=&#8217;a.margan@gmx.de&#8216; from_email=&#8220; subject=&#8217;Gutscheinbestellung&#8216; autoresponder_email=&#8217;beauty@antonellamargan.de&#8216; autoresponder_reply_to=&#8220; autoresponder_subject=&#8220; autorespond=&#8220; form_align=&#8220; color=&#8220; heading_tag=&#8220; heading_class=&#8220; alb_description=&#8220; id=&#8220; custom_class=&#8220; template_class=&#8220; aria_label=&#8220; av_uid=&#8217;av-kmlsdvkp&#8216; sc_version=&#8217;1.0&#8242; admin_preview_bg=&#8220;]<br \/>\n[av_contact_field label=&#8217;Name&#8216; type=&#8217;text&#8216; check=&#8217;is_empty&#8216; options=&#8220; multi_select=&#8220; av_contact_preselect=&#8220; width=&#8220; av_uid=&#8217;av-a8tpj&#8216; sc_version=&#8217;1.0&#8242;][\/av_contact_field]<br \/>\n[av_contact_field label=&#8217;E-Mail&#8216; type=&#8217;text&#8216; options=&#8220; check=&#8217;is_email&#8216; width=&#8217;element_half&#8216; av_uid=&#8217;av-kmlsczxy&#8216; sc_version=&#8217;1.0&#8242; multi_select=&#8220; av_contact_preselect=&#8220;][\/av_contact_field]<br \/>\n[av_contact_field label=&#8217;Telefon:&#8216; type=&#8217;text&#8216; options=&#8220; check=&#8217;is_empty&#8216; width=&#8217;element_half&#8216; av_uid=&#8217;av-kmlscstg&#8216; sc_version=&#8217;1.0&#8242; multi_select=&#8220; av_contact_preselect=&#8220;][\/av_contact_field]<br \/>\n[av_contact_field label=&#8220; type=&#8217;html&#8216; options=&#8220; check=&#8220; width=&#8220; av_uid=&#8217;av-kmls97lt&#8216; sc_version=&#8217;1.0&#8242; multi_select=&#8220; av_contact_preselect=&#8220;]<br \/>\nJa, ich m\u00f6chte einen Gutschein kaufen<br \/>\n[\/av_contact_field]<br \/>\n[av_contact_field label=&#8217;50 \u20ac&#8216; type=&#8217;checkbox&#8216; options=&#8217;50 \u20ac, 100 \u20ac, 150 \u20ac&#8216; check=&#8220; width=&#8217;element_third&#8216; av_uid=&#8217;av-kmlsame3&#8242; sc_version=&#8217;1.0&#8242; multi_select=&#8220; av_contact_preselect=&#8220;][\/av_contact_field]<br \/>\n[av_contact_field label=&#8217;100 \u20ac&#8216; type=&#8217;checkbox&#8216; options=&#8217;50 \u20ac, 100 \u20ac, 150 \u20ac&#8216; check=&#8220; width=&#8217;element_third&#8216; av_uid=&#8217;av-kmlsame3&#8242; sc_version=&#8217;1.0&#8242; multi_select=&#8220; av_contact_preselect=&#8220;][\/av_contact_field]<br \/>\n[av_contact_field label=&#8217;150 \u20ac&#8216; type=&#8217;checkbox&#8216; options=&#8217;50 \u20ac, 100 \u20ac, 150 \u20ac&#8216; check=&#8220; width=&#8217;element_third&#8216; av_uid=&#8217;av-kmlsame3&#8242; sc_version=&#8217;1.0&#8242; multi_select=&#8220; av_contact_preselect=&#8220;][\/av_contact_field]<br \/>\n[av_contact_field label=&#8217;Nachricht&#8216; type=&#8217;textarea&#8216; options=&#8220; check=&#8220; width=&#8220; av_uid=&#8217;av-kmlscg9n&#8216; sc_version=&#8217;1.0&#8242; multi_select=&#8220; av_contact_preselect=&#8220;][\/av_contact_field]<br \/>\n[av_contact_field label=&#8217;Ich bin mit der \u00dcbermittlung meiner Daten einverstanden.&#8216; type=&#8217;checkbox&#8216; options=&#8220; check=&#8217;is_empty&#8216; width=&#8220; av_uid=&#8217;av-kmlsdr30&#8242; sc_version=&#8217;1.0&#8242; multi_select=&#8220; av_contact_preselect=&#8220;][\/av_contact_field]<br \/>\n[\/av_contact]<\/p>\n<p>[av_hr class=&#8217;invisible&#8216; height=&#8217;50&#8216; shadow=&#8217;no-shadow&#8216; position=&#8217;center&#8216; custom_border=&#8217;av-border-thin&#8216; custom_width=&#8217;50px&#8216; custom_border_color=&#8220; custom_margin_top=&#8217;30px&#8216; custom_margin_bottom=&#8217;30px&#8216; icon_select=&#8217;yes&#8216; custom_icon_color=&#8220; icon=&#8217;ue808&#8242; font=&#8217;entypo-fontello&#8216; av_uid=&#8217;av-jnuyf&#8216;]<\/p>\n<p>[av_heading tag=&#8217;h1&#8242; padding=&#8217;20&#8216; heading=&#8217;Verw\u00f6hnen Sie Ihre Liebsten mit einem Gutschein von Antonella Margan&#8216; color=&#8217;custom-color-heading&#8216; style=&#8217;blockquote modern-quote modern-centered&#8216; custom_font=&#8217;#000000&#8242; size=&#8217;40&#8216; subheading_active=&#8220; subheading_size=&#8217;15&#8216; custom_class=&#8220; av_uid=&#8217;av-h91yf&#8216;][\/av_heading]<\/p>\n<p>[av_hr class=&#8217;invisible&#8216; height=&#8217;50&#8216; shadow=&#8217;no-shadow&#8216; position=&#8217;center&#8216; custom_border=&#8217;av-border-thin&#8216; custom_width=&#8217;50px&#8216; custom_border_color=&#8220; custom_margin_top=&#8217;30px&#8216; custom_margin_bottom=&#8217;30px&#8216; icon_select=&#8217;yes&#8216; custom_icon_color=&#8220; icon=&#8217;ue808&#8242; font=&#8217;entypo-fontello&#8216; av_uid=&#8217;av-7ix0n&#8216;]<\/p>\n<p>[\/av_section]<\/p>\n","protected":false},"excerpt":{"rendered":"<p>[av_slideshow_full size=&#8217;featured_large&#8216; min_height=&#8217;0px&#8216; stretch=&#8220; control_layout=&#8217;av-control-minimal&#8216; src=&#8220; attachment=&#8220; attachment_size=&#8220; position=&#8217;top left&#8216; repeat=&#8217;no-repeat&#8216; attach=&#8217;scroll&#8216; conditional_play=&#8220; animation=&#8217;fade&#8216; transition_speed=&#8220; autoplay=&#8217;true&#8216; interval=&#8217;3&#8242; lazy_loading=&#8217;disabled&#8216; id=&#8220; custom_class=&#8220; template_class=&#8220; av_uid=&#8217;av-1r8d07&#8242; sc_version=&#8217;1.0&#8242;] [av_slide_full id=&#8217;1166&#8242; av_uid=&#8217;av-9icrz&#8216;][\/av_slide_full] [\/av_slideshow_full] [av_section min_height=&#8220; min_height_px=&#8217;500px&#8216; padding=&#8217;large&#8216; shadow=&#8217;no-border-styling&#8216; bottom_border=&#8217;no-border-styling&#8216; id=&#8220; color=&#8217;main_color&#8216; custom_bg=&#8220; src=&#8220; attachment=&#8220; attachment_size=&#8220; attach=&#8217;scroll&#8216; position=&#8217;top left&#8216; repeat=&#8217;no-repeat&#8216; video=&#8220; video_ratio=&#8217;16:9&#8242; overlay_opacity=&#8217;0.5&#8242; overlay_color=&#8220; overlay_pattern=&#8220; overlay_custom_pattern=&#8220; av_uid=&#8217;av-1cyuw7&#8242;] [av_one_full first min_height=&#8220; vertical_alignment=&#8217;av-align-top&#8216; space=&#8220; [&hellip;]<\/p>\n","protected":false},"author":1,"featured_media":0,"parent":0,"menu_order":0,"comment_status":"closed","ping_status":"closed","template":"","meta":{"footnotes":""},"_links":{"self":[{"href":"https:\/\/www.antonellamargan.de\/neu\/wp-json\/wp\/v2\/pages\/911"}],"collection":[{"href":"https:\/\/www.antonellamargan.de\/neu\/wp-json\/wp\/v2\/pages"}],"about":[{"href":"https:\/\/www.antonellamargan.de\/neu\/wp-json\/wp\/v2\/types\/page"}],"author":[{"embeddable":true,"href":"https:\/\/www.antonellamargan.de\/neu\/wp-json\/wp\/v2\/users\/1"}],"replies":[{"embeddable":true,"href":"https:\/\/www.antonellamargan.de\/neu\/wp-json\/wp\/v2\/comments?post=911"}],"version-history":[{"count":14,"href":"https:\/\/www.antonellamargan.de\/neu\/wp-json\/wp\/v2\/pages\/911\/revisions"}],"predecessor-version":[{"id":1164,"href":"https:\/\/www.antonellamargan.de\/neu\/wp-json\/wp\/v2\/pages\/911\/revisions\/1164"}],"wp:attachment":[{"href":"https:\/\/www.antonellamargan.de\/neu\/wp-json\/wp\/v2\/media?parent=911"}],"curies":[{"name":"wp","href":"https:\/\/api.w.org\/{rel}","templated":true}]}}